{"id":13195,"date":"2018-09-07T14:26:54","date_gmt":"2018-09-07T12:26:54","guid":{"rendered":"https:\/\/www.zotzmann-koch.com\/?page_id=13195"},"modified":"2023-09-12T13:11:02","modified_gmt":"2023-09-12T11:11:02","slug":"support","status":"publish","type":"page","link":"https:\/\/www.zotzmann-koch.com\/en\/support\/","title":{"rendered":"Support"},"content":{"rendered":"<style>.kb-row-layout-id13195_c15761-72 > .kt-row-column-wrap{align-content:start;}:where(.kb-row-layout-id13195_c15761-72 > .kt-row-column-wrap) > .wp-block-kadence-column{justify-content:start;}.kb-row-layout-id13195_c15761-72 > .kt-row-column-wrap{column-gap:var(--global-kb-gap-md, 2rem);row-gap:var(--global-kb-gap-md, 2rem);max-width:850px;margin-left:auto;margin-right:auto;padding-top:80px;padding-bottom:120px;grid-template-columns:minmax(0, 1fr);}.kb-row-layout-id13195_c15761-72 > .kt-row-layout-overlay{opacity:0.30;}@media all and (max-width: 1024px){.kb-row-layout-id13195_c15761-72 > .kt-row-column-wrap{grid-template-columns:minmax(0, 1fr);}}@media all and (max-width: 767px){.kb-row-layout-id13195_c15761-72 > .kt-row-column-wrap{grid-template-columns:minmax(0, 1fr);}}<\/style><div class=\"kb-row-layout-wrap kb-row-layout-id13195_c15761-72 alignfull wp-block-kadence-rowlayout\"><div class=\"kt-row-column-wrap kt-has-1-columns kt-row-layout-equal kt-tab-layout-inherit kt-mobile-layout-row kt-row-valign-top\">\n<style>.kadence-column13195_2d8f64-75 > .kt-inside-inner-col,.kadence-column13195_2d8f64-75 > .kt-inside-inner-col:before{border-top-left-radius:0px;border-top-right-radius:0px;border-bottom-right-radius:0px;border-bottom-left-radius:0px;}.kadence-column13195_2d8f64-75 > .kt-inside-inner-col{column-gap:var(--global-kb-gap-sm, 1rem);}.kadence-column13195_2d8f64-75 > .kt-inside-inner-col{flex-direction:column;}.kadence-column13195_2d8f64-75 > .kt-inside-inner-col > .aligncenter{width:100%;}.kadence-column13195_2d8f64-75 > .kt-inside-inner-col:before{opacity:0.3;}.kadence-column13195_2d8f64-75{position:relative;}@media all and (max-width: 1024px){.kadence-column13195_2d8f64-75 > .kt-inside-inner-col{flex-direction:column;justify-content:center;}}@media all and (max-width: 767px){.kadence-column13195_2d8f64-75 > .kt-inside-inner-col{flex-direction:column;justify-content:center;}}<\/style>\n<div class=\"wp-block-kadence-column kadence-column13195_2d8f64-75 inner-column-1\"><div class=\"kt-inside-inner-col\"><style>.wp-block-kadence-advancedheading.kt-adv-heading13195_3bac5d-e0, .wp-block-kadence-advancedheading.kt-adv-heading13195_3bac5d-e0[data-kb-block=\"kb-adv-heading13195_3bac5d-e0\"]{margin-top:0px;text-align:center;font-style:normal;}.wp-block-kadence-advancedheading.kt-adv-heading13195_3bac5d-e0 mark.kt-highlight, .wp-block-kadence-advancedheading.kt-adv-heading13195_3bac5d-e0[data-kb-block=\"kb-adv-heading13195_3bac5d-e0\"] mark.kt-highlight{font-family:u0022Scriptu0022, Verdana, Arial, sans-serif;font-style:normal;color:var(--global-palette3, #1A202C);text-transform:lowercase;-webkit-box-decoration-break:clone;box-decoration-break:clone;padding-top:0px;padding-right:0px;padding-bottom:0px;padding-left:0px;}.wp-block-kadence-advancedheading.kt-adv-heading13195_3bac5d-e0 img.kb-inline-image, .wp-block-kadence-advancedheading.kt-adv-heading13195_3bac5d-e0[data-kb-block=\"kb-adv-heading13195_3bac5d-e0\"] img.kb-inline-image{width:150px;vertical-align:baseline;}<\/style>\n<h2 class=\"kt-adv-heading13195_3bac5d-e0 wp-block-kadence-advancedheading\" data-kb-block=\"kb-adv-heading13195_3bac5d-e0\">Support<\/h2>\n\n\n\n<p class=\"wp-block-paragraph\">Wenn Du mir auch etwas zukommen lassen m\u00f6chtest &#8211; sei es f\u00fcr einen meiner Podcasts oder auch einfach so, freue ich mich sehr dar\u00fcber. Falls Du mir f\u00fcr einen meiner Podcasts einen Kaffee ausgeben magst oder sogar einen Dauerauftrag einrichtest, schreib doch bitte dran, f\u00fcr welchen davon. Oder auch einfach f\u00fcr alle &#8230; =)<\/p>\n\n\n\n<p class=\"wp-block-paragraph\">Dankesch\u00f6n!<\/p>\n\n\n\n<p class=\"wp-block-paragraph\">Du hast folgende M\u00f6glichkeiten, mich finanziell zu unterst\u00fctzen:<\/p>\n\n\n\n<ul class=\"wp-block-list\">\n<li>Direkte Einzelspenden und Dauerauftr\u00e4ge per \u00dcberweisung<\/li>\n\n\n\n<li>Indirekte Spenden via Liberapay<\/li>\n\n\n\n<li>Direkte Einzelspende via PayPal.me<\/li>\n\n\n\n<li>Indirekte Spende als Auphonic Stunden &lt;3<\/li>\n\n\n\n<li>Affiliate Links<\/li>\n\n\n\n<li>Direkte Spende in Bitcoin<\/li>\n\n\n\n<li>Direkte Spende in Nano<\/li>\n<\/ul>\n\n\n\n<p class=\"wp-block-paragraph\">Dankesch\u00f6n! \ud83d\ude42<\/p>\n\n\n\n<p class=\"wp-block-paragraph\"><strong>\u00dcberweisung<\/strong><br>\u00dcberweisungen und Dauerauftr\u00e4ge sind super! Dabei kommt der gesamte Betrag direkt bei mir an.<br>Dies ist mein Support-Konto:<br>IBAN: DE39100110012628322461<br>BIC: NTSBDEB1XXX<br>Bitte sei so lieb und gib im Verwendungszweck an, welches meiner Projekte Du mit Deiner \u00dcberweisung oder Deinem Dauerauftrag unterst\u00fctzen m\u00f6chtest.<\/p>\n\n\n\n<p class=\"wp-block-paragraph\"><strong>Liberapay<\/strong><br>Liberapay ist ein Dienst, mit dem Du regelm\u00e4\u00dfig (und wenn gew\u00fcnscht auch anonym) spenden kannst. Liberapay ist selbst spendendinanziert, bei mir kommt also der gesamte Betrag Deiner Spenden an. Geb\u00fchren entstehen nur ggf. bei Deiner Zahlung\/\u00dcberweisung an die Plattform.<br>-&gt; <a href=\"https:\/\/de.liberapay.com\/viennawriter\/\" target=\"_blank\" rel=\"noreferrer noopener\">Unterst\u00fctze mich auf Liberapay<\/a><\/p>\n\n\n\n<p class=\"wp-block-paragraph\"><strong>PayPal.me<\/strong><br>Gerne kannst Du mir auch eine Sende per PayPal schicken.<br>Allerdings nimmt PayPal ziemliche Geb\u00fchren f\u00fcr ihre Dienstleistung, so dass hier weniger von der Spende bei mir ankommt. Bei einer Spende von 1 EUR gehen gut 37% f\u00fcr Geb\u00fchren drauf, bei 2 EUR sind es noch 20%, ab 5 EUR nur noch 10%, ab 10 EUR noch knapp 5%. Bitte bedenk das.<br>-&gt; <a href=\"https:\/\/www.paypal.me\/viennawriter\" target=\"_blank\" rel=\"noreferrer noopener\">PayPal.me\/viennawriter<\/a><\/p>\n\n\n\n<p class=\"wp-block-paragraph\"><strong>Amazon Wunschliste<\/strong><br>Hier sind ein paar Dinge, \u00fcber die ich bei meinen Recherchen gestolpert bin &#8211; von DIY-&#8222;Zutaten&#8220; bis zu B\u00fcchern und kleine Dinge, die mir eine Freude bereiten w\u00fcrden.<br>-&gt; <a href=\"https:\/\/www.amazon.de\/hz\/wishlist\/ls\/3TGZCY5P8LZ03\" target=\"_blank\" rel=\"noreferrer noopener\">Amazon Wunschliste<\/a><\/p>\n\n\n\n<p class=\"wp-block-paragraph\"><strong>Auphonic Stunden &lt;3<\/strong><br>F\u00fcr die Postproduction der Podcast-Episoden benutze ich Auphonic. Auphonic bietet die M\u00f6glichkeit, Stundenkontingente zu spenden. Hier kommt Deine Spende der Produktion neuer Podcast Episoden zugute.<br>-&gt; <a href=\"https:\/\/auphonic.com\/donate_credits?user=jinxxproof\" target=\"_blank\" rel=\"noreferrer noopener\">Spende Auphonic Stunden &lt;3<\/a><\/p>\n\n\n\n<p class=\"wp-block-paragraph\"><strong>Affiliate Links<\/strong><br>Ja, ich habe ein paar Affiliate-Links zu Dingen, die ich selbst verwende und f\u00fcr sinnvoll halte. Ich freue mich, wenn Ihr sie auch interessant findet und \u00fcber meinen Link dazu kommt. Das bringt mir eine kleine Empfehlungsprovision.<\/p>\n\n\n\n<ul class=\"wp-block-list\">\n<li><a href=\"https:\/\/www.allianceindependentauthors.org\/?affid=5962\">Alli, the Alliance of Independent Authors<\/a><\/li>\n\n\n\n<li><a href=\"https:\/\/prowritingaid.com\/en\/Account\/Register?rafid=Ondoq\">ProWritingAid<\/a><\/li>\n\n\n\n<li><a href=\"https:\/\/www.literatureandlatte.com\/scrivener-affiliate.html?fpr=viennawriter\">Scrivener<\/a><\/li>\n\n\n\n<li><a href=\"https:\/\/www.sudowrite.com?via=viennawriter\">Sudowrite<\/a><\/li>\n\n\n\n<li><a href=\"https:\/\/app.tredition.com\/?a=8e44bff1-950b-4eda-ab15-0c130c22292c\">Tredition<\/a><\/li>\n\n\n\n<li><a href=\"https:\/\/tryhackme.com\/signup?referrer=64c3726a7267cf005596ef57\">Try Hack Me<\/a><\/li>\n\n\n\n<li><a href=\"https:\/\/store.vellum.pub?via=viennawriter\">Vellum<\/a><\/li>\n<\/ul>\n\n\n\n<p class=\"wp-block-paragraph\"><strong>Bitcoin<\/strong><br>Noch ist Bitcoin nicht tot und wenn Du gern in Bitcoin spenden m\u00f6chtest, freue ich mich auch dar\u00fcber. Ich hab zwar keine Ahnung, wieviel der Bitcoin gerade wert ist, aber das soll Dich nicht abhalten.<br>-> bc1qeg0kajdtjxhqsrk9nh7rxr23spp20mj92y9apc<\/p>\n\n\n\n<p class=\"wp-block-paragraph\"><strong>Nano<\/strong><br>Nano scheint mittlerweile ein Ding in der OpenSource Bubble zu werden. Ich arbeite mich noch ein \u2013 eine Wallet anzulegen war zumindest schonmal recht einfach.<br>-&gt; nano_3rwpneoosby83rq3kcwo36ya8kotc3jfsitgwgomrjgob3j7b1fgmoeq7jwm<\/p>\n\n\n\n<p class=\"wp-block-paragraph\"><br><\/p>\n<\/div><\/div>\n\n<\/div><\/div>","protected":false},"excerpt":{"rendered":"<p>Support Wenn Du mir auch etwas zukommen lassen m\u00f6chtest &#8211; sei es f\u00fcr einen meiner Podcasts oder auch einfach so, freue ich mich sehr dar\u00fcber. Falls Du mir f\u00fcr einen&#8230;<\/p>","protected":false},"author":1,"featured_media":0,"parent":0,"menu_order":0,"comment_status":"closed","ping_status":"closed","template":"","meta":{"_crdt_document":"","_kad_blocks_custom_css":"","_kad_blocks_head_custom_js":"","_kad_blocks_body_custom_js":"","_kad_blocks_footer_custom_js":"","_EventAllDay":false,"_EventTimezone":"","_EventStartDate":"","_EventEndDate":"","_EventStartDateUTC":"","_EventEndDateUTC":"","_EventShowMap":false,"_EventShowMapLink":false,"_EventURL":"","_EventCost":"","_EventCostDescription":"","_EventCurrencySymbol":"","_EventCurrencyCode":"","_EventCurrencyPosition":"","_EventDateTimeSeparator":"","_EventTimeRangeSeparator":"","_EventOrganizerID":[],"_EventVenueID":[],"_OrganizerEmail":"","_OrganizerPhone":"","_OrganizerWebsite":"","_VenueAddress":"","_VenueCity":"","_VenueCountry":"","_VenueProvince":"","_VenueState":"","_VenueZip":"","_VenuePhone":"","_VenueURL":"","_VenueStateProvince":"","_VenueLat":"","_VenueLng":"","_VenueShowMap":false,"_VenueShowMapLink":false,"_kadence_starter_templates_imported_post":false,"_kad_post_transparent":"","_kad_post_title":"","_kad_post_layout":"","_kad_post_sidebar_id":"","_kad_post_content_style":"","_kad_post_vertical_padding":"","_kad_post_feature":"","_kad_post_feature_position":"","_kad_post_header":false,"_kad_post_footer":false,"_kad_post_classname":"","footnotes":""},"class_list":["post-13195","page","type-page","status-publish","hentry"],"taxonomy_info":[],"featured_image_src_large":false,"author_info":{"display_name":"Klaudia","author_link":"https:\/\/www.zotzmann-koch.com\/en\/author\/jinxx-net\/"},"comment_info":0,"_links":{"self":[{"href":"https:\/\/www.zotzmann-koch.com\/en\/wp-json\/wp\/v2\/pages\/13195","targetHints":{"allow":["GET"]}}],"collection":[{"href":"https:\/\/www.zotzmann-koch.com\/en\/wp-json\/wp\/v2\/pages"}],"about":[{"href":"https:\/\/www.zotzmann-koch.com\/en\/wp-json\/wp\/v2\/types\/page"}],"author":[{"embeddable":true,"href":"https:\/\/www.zotzmann-koch.com\/en\/wp-json\/wp\/v2\/users\/1"}],"replies":[{"embeddable":true,"href":"https:\/\/www.zotzmann-koch.com\/en\/wp-json\/wp\/v2\/comments?post=13195"}],"version-history":[{"count":57,"href":"https:\/\/www.zotzmann-koch.com\/en\/wp-json\/wp\/v2\/pages\/13195\/revisions"}],"predecessor-version":[{"id":17719,"href":"https:\/\/www.zotzmann-koch.com\/en\/wp-json\/wp\/v2\/pages\/13195\/revisions\/17719"}],"wp:attachment":[{"href":"https:\/\/www.zotzmann-koch.com\/en\/wp-json\/wp\/v2\/media?parent=13195"}],"curies":[{"name":"wp","href":"https:\/\/api.w.org\/{rel}","templated":true}]}}